{"id":2,"date":"2021-09-13T22:45:28","date_gmt":"2021-09-13T22:45:28","guid":{"rendered":"https:\/\/mundt-rechtsanwaelte.de\/?page_id=2"},"modified":"2023-04-25T15:43:20","modified_gmt":"2023-04-25T15:43:20","slug":"coming-soon","status":"publish","type":"page","link":"https:\/\/mundt-rechtsanwaelte.de\/","title":{"rendered":"coming soon"},"content":{"rendered":"\n<p class=\"has-text-align-center\">Julia Mundt<br>Fachanw\u00e4ltin f\u00fcr Erbrecht<br>Fachanw\u00e4ltin f\u00fcr Familienrecht<br><br>Jungfrauenthal 7 \u00b7 D-20149 Hamburg<br>Telefon: +49 (0)40\/430 915 50<br>info@mundt-rechtsanwaelte.de<\/p>\n","protected":false},"excerpt":{"rendered":"<p>Julia MundtFachanw\u00e4ltin f\u00fcr ErbrechtFachanw\u00e4ltin f\u00fcr Familienrecht Jungfrauenthal 7 \u00b7 D-20149 HamburgTelefon: +49 (0)40\/430 915 50info@mundt-rechtsanwaelte.de<\/p>\n","protected":false},"author":1,"featured_media":0,"parent":0,"menu_order":0,"comment_status":"closed","ping_status":"closed","template":"","meta":{"footnotes":""},"class_list":["post-2","page","type-page","status-publish","hentry","entry"],"_links":{"self":[{"href":"https:\/\/mundt-rechtsanwaelte.de\/index.php?rest_route=\/wp\/v2\/pages\/2","targetHints":{"allow":["GET"]}}],"collection":[{"href":"https:\/\/mundt-rechtsanwaelte.de\/index.php?rest_route=\/wp\/v2\/pages"}],"about":[{"href":"https:\/\/mundt-rechtsanwaelte.de\/index.php?rest_route=\/wp\/v2\/types\/page"}],"author":[{"embeddable":true,"href":"https:\/\/mundt-rechtsanwaelte.de\/index.php?rest_route=\/wp\/v2\/users\/1"}],"replies":[{"embeddable":true,"href":"https:\/\/mundt-rechtsanwaelte.de\/index.php?rest_route=%2Fwp%2Fv2%2Fcomments&post=2"}],"version-history":[{"count":4,"href":"https:\/\/mundt-rechtsanwaelte.de\/index.php?rest_route=\/wp\/v2\/pages\/2\/revisions"}],"predecessor-version":[{"id":59,"href":"https:\/\/mundt-rechtsanwaelte.de\/index.php?rest_route=\/wp\/v2\/pages\/2\/revisions\/59"}],"wp:attachment":[{"href":"https:\/\/mundt-rechtsanwaelte.de\/index.php?rest_route=%2Fwp%2Fv2%2Fmedia&parent=2"}],"curies":[{"name":"wp","href":"https:\/\/api.w.org\/{rel}","templated":true}]}}